{"id":62,"date":"2021-11-08T10:02:02","date_gmt":"2021-11-08T10:02:02","guid":{"rendered":"http:\/\/www.toramanlar.com.tr\/index.php\/iletisim\/"},"modified":"2022-04-20T10:56:24","modified_gmt":"2022-04-20T10:56:24","slug":"iletisim","status":"publish","type":"page","link":"http:\/\/www.toramanlar.com.tr\/index.php\/iletisim\/","title":{"rendered":"\u0130leti\u015fim"},"content":{"rendered":"\n    \n    <section class=\"u-align-center u-clearfix u-section-2\" id=\"sec-8d5a\">\n      <div class=\"u-clearfix u-sheet u-sheet-1\">\n        <p class=\"u-text u-text-1\">Mebusevleri&nbsp; Mah. Ergin. Sok 28\/5&nbsp; \u00c7ANKAYA \/ ANKARA \/ TURKIYE&nbsp; &nbsp; &nbsp; &nbsp;&nbsp;<br>&nbsp; &nbsp; Turgay Durmus&nbsp;&nbsp; :&nbsp; +90\n506 775 87 84&nbsp; &nbsp; &nbsp; &nbsp; &nbsp; &nbsp; &nbsp; &nbsp; Zafer\nDurmus&nbsp; &nbsp; &nbsp; : +90 544 526 08 82&nbsp; &nbsp; &nbsp; &nbsp; &nbsp; &nbsp;<br>&nbsp;E-mail :\nturgaydurmus@toramanlar.com.tr&nbsp; &nbsp; E-mail : zaferdurmus@toramanlar.com.tr<br>Murat Yumurtac\u0131 : +90 532 461 36 16<br>&nbsp; &nbsp; &nbsp; &nbsp; &nbsp; &nbsp; &nbsp; &nbsp; &nbsp; &nbsp; &nbsp; E-mail :\nmuratyumurtaci@toramanlar.com.tr&nbsp;&nbsp; &nbsp; &nbsp; &nbsp; &nbsp; &nbsp; &nbsp; &nbsp; &nbsp; &nbsp;&nbsp;<br>TEL :&nbsp; +90\n312&nbsp;806 22 70&nbsp; &nbsp; &nbsp; &nbsp; &nbsp; &nbsp; &nbsp; &nbsp;&nbsp;<u>\n            <br>&nbsp;<\/u><u>Web <\/u><u>:<\/u>&nbsp;<u>\n            <a href=\"http:\/\/www.toramanlar.com.tr\/\" class=\"u-active-none u-border-none u-btn u-button-link u-button-style u-hover-none u-none u-text-palette-1-base u-btn-1\">www. toramanlar.com.tr&nbsp;<\/a><\/u><u><\/u>\n        <\/p>\n        <div class=\"u-social-icons u-spacing-10 u-social-icons-1\">\n          <a class=\"u-social-url\" title=\"instagram\" target=\"_blank\" href=\"https:\/\/www.instagram.com\/toramanlar_construction\/\"><span class=\"u-icon u-social-icon u-social-instagram u-icon-1\"><svg class=\"u-svg-link\" preserveAspectRatio=\"xMidYMin slice\" viewBox=\"0 0 112 112\" style=\"\"><use xmlns:xlink=\"http:\/\/www.w3.org\/1999\/xlink\" xlink:href=\"#svg-44f3\"><\/use><\/svg><svg class=\"u-svg-content\" viewBox=\"0 0 112 112\" x=\"0\" y=\"0\" id=\"svg-44f3\"><circle fill=\"currentColor\" cx=\"56.1\" cy=\"56.1\" r=\"55\"><\/circle><path fill=\"#FFFFFF\" d=\"M55.9,38.2c-9.9,0-17.9,8-17.9,17.9C38,66,46,74,55.9,74c9.9,0,17.9-8,17.9-17.9C73.8,46.2,65.8,38.2,55.9,38.2\nz M55.9,66.4c-5.7,0-10.3-4.6-10.3-10.3c-0.1-5.7,4.6-10.3,10.3-10.3c5.7,0,10.3,4.6,10.3,10.3C66.2,61.8,61.6,66.4,55.9,66.4z\"><\/path><path fill=\"#FFFFFF\" d=\"M74.3,33.5c-2.3,0-4.2,1.9-4.2,4.2s1.9,4.2,4.2,4.2s4.2-1.9,4.2-4.2S76.6,33.5,74.3,33.5z\"><\/path><path fill=\"#FFFFFF\" d=\"M73.1,21.3H38.6c-9.7,0-17.5,7.9-17.5,17.5v34.5c0,9.7,7.9,17.6,17.5,17.6h34.5c9.7,0,17.5-7.9,17.5-17.5V38.8\nC90.6,29.1,82.7,21.3,73.1,21.3z M83,73.3c0,5.5-4.5,9.9-9.9,9.9H38.6c-5.5,0-9.9-4.5-9.9-9.9V38.8c0-5.5,4.5-9.9,9.9-9.9h34.5\nc5.5,0,9.9,4.5,9.9,9.9V73.3z\"><\/path><\/svg><\/span>\n          <\/a>\n        <\/div>\n        <h6 class=\"u-text u-text-2\">\u0130nstagramdan bizi takip edebilirsiz.<\/h6>\n      <\/div>\n    <\/section>\n    <section class=\"u-clearfix u-grey-light-2 u-typography-custom-page-typography-12--Map u-section-3\" id=\"sec-5648\">\n      <div class=\"u-absolute-hcenter u-expanded-height u-grey-light-2 u-map u-map-1\">\n        <div class=\"embed-responsive\">\n          <iframe class=\"embed-responsive-item\" src=\"\/\/maps.google.com\/maps?output=embed&amp;key=mebusevleri&amp;q=mebusevleri%20mah%20ergin%20sk.%20no%3A%2028%2F5&amp;t=m\" data-map=\"JTdCJTIycG9zaXRpb25UeXBlJTIyJTNBJTIybWFwLWFkZHJlc3MlMjIlMkMlMjJhZGRyZXNzJTIyJTNBJTIybWVidXNldmxlcmklMjBtYWglMjBlcmdpbiUyMHNrLiUyMG5vJTNBJTIwMjglMkY1JTIyJTJDJTIyem9vbSUyMiUzQW51bGwlMkMlMjJ0eXBlSWQlMjIlM0ElMjJyb2FkJTIyJTJDJTIybGFuZyUyMiUzQW51bGwlMkMlMjJhcGlLZXklMjIlM0ElMjJtZWJ1c2V2bGVyaSUyMiUyQyUyMm1hcmtlcnMlMjIlM0ElNUIlNUQlN0Q=\"><\/iframe>\n        <\/div>\n      <\/div>\n    <\/section>\n    <section class=\"u-clearfix u-section-4\" id=\"sec-fa90\">\n      <div class=\"u-clearfix u-sheet u-valign-middle u-sheet-1\"><\/div>\n    <\/section>\n    \n    \n  \n","protected":false},"excerpt":{"rendered":"<p>Mebusevleri&nbsp; Mah. Ergin. Sok 28\/5&nbsp; \u00c7ANKAYA \/ ANKARA \/ TURKIYE&nbsp; &nbsp; &nbsp; &nbsp;&nbsp;&nbsp; &nbsp; Turgay Durmus&nbsp;&nbsp; :&nbsp; +90 506 775 87 84&nbsp; &nbsp; &nbsp; &nbsp; &nbsp; &nbsp; &nbsp; &nbsp; Zafer Durmus&nbsp; &nbsp; &nbsp; : +90 544 526 08 82&nbsp; &nbsp; &nbsp; &nbsp; &nbsp; &nbsp;&nbsp;E-mail : turgaydurmus@toramanlar.com.tr&nbsp; &nbsp; E-mail : zaferdurmus@toramanlar.com.trMurat Yumurtac\u0131 : +90 532 461 &hellip; <a href=\"http:\/\/www.toramanlar.com.tr\/index.php\/iletisim\/\" class=\"more-link\">Continue reading<span class=\"screen-reader-text\"> &#8220;\u0130leti\u015fim&#8221;<\/span><\/a><\/p>\n","protected":false},"author":1,"featured_media":0,"parent":0,"menu_order":2,"comment_status":"closed","ping_status":"closed","template":"","meta":[],"yoast_head":"<!-- This site is optimized with the Yoast SEO plugin v17.5 - https:\/\/yoast.com\/wordpress\/plugins\/seo\/ -->\n<title>\u0130leti\u015fim - Toramanlar M&uuml;hendislik<\/title>\n<meta name=\"robots\" content=\"index, follow, max-snippet:-1, max-image-preview:large, max-video-preview:-1\" \/>\n<link rel=\"canonical\" href=\"http:\/\/www.toramanlar.com.tr\/index.php\/iletisim\/\" \/>\n<meta property=\"og:locale\" content=\"tr_TR\" \/>\n<meta property=\"og:type\" content=\"article\" \/>\n<meta property=\"og:title\" content=\"\u0130leti\u015fim - Toramanlar M&uuml;hendislik\" \/>\n<meta property=\"og:description\" content=\"Mebusevleri&nbsp; Mah. Ergin. Sok 28\/5&nbsp; \u00c7ANKAYA \/ ANKARA \/ TURKIYE&nbsp; &nbsp; &nbsp; &nbsp;&nbsp;&nbsp; &nbsp; Turgay Durmus&nbsp;&nbsp; :&nbsp; +90 506 775 87 84&nbsp; &nbsp; &nbsp; &nbsp; &nbsp; &nbsp; &nbsp; &nbsp; Zafer Durmus&nbsp; &nbsp; &nbsp; : +90 544 526 08 82&nbsp; &nbsp; &nbsp; &nbsp; &nbsp; &nbsp;&nbsp;E-mail : turgaydurmus@toramanlar.com.tr&nbsp; &nbsp; E-mail : zaferdurmus@toramanlar.com.trMurat Yumurtac\u0131 : +90 532 461 &hellip; Continue reading &quot;\u0130leti\u015fim&quot;\" \/>\n<meta property=\"og:url\" content=\"http:\/\/www.toramanlar.com.tr\/index.php\/iletisim\/\" \/>\n<meta property=\"og:site_name\" content=\"Toramanlar M&uuml;hendislik\" \/>\n<meta property=\"article:modified_time\" content=\"2022-04-20T10:56:24+00:00\" \/>\n<meta name=\"twitter:card\" content=\"summary_large_image\" \/>\n<meta name=\"twitter:label1\" content=\"Tahmini okuma s\u00fcresi\" \/>\n\t<meta name=\"twitter:data1\" content=\"1 dakika\" \/>\n<script type=\"application\/ld+json\" class=\"yoast-schema-graph\">{\"@context\":\"https:\/\/schema.org\",\"@graph\":[{\"@type\":\"Organization\",\"@id\":\"http:\/\/www.toramanlar.com.tr\/#organization\",\"name\":\"Toramanlar M\\u00fchendislik Mimarl\\u0131k \\u0130\\u00e7 mimarl\\u0131k\",\"url\":\"http:\/\/www.toramanlar.com.tr\/\",\"sameAs\":[\"https:\/\/www.instagram.com\/toramanlar_construction\/\"],\"logo\":{\"@type\":\"ImageObject\",\"@id\":\"http:\/\/www.toramanlar.com.tr\/#logo\",\"inLanguage\":\"tr\",\"url\":\"http:\/\/www.toramanlar.com.tr\/wp-content\/uploads\/2021\/11\/toramanlar-logo.png\",\"contentUrl\":\"http:\/\/www.toramanlar.com.tr\/wp-content\/uploads\/2021\/11\/toramanlar-logo.png\",\"width\":3259,\"height\":883,\"caption\":\"Toramanlar M\\u00fchendislik Mimarl\\u0131k \\u0130\\u00e7 mimarl\\u0131k\"},\"image\":{\"@id\":\"http:\/\/www.toramanlar.com.tr\/#logo\"}},{\"@type\":\"WebSite\",\"@id\":\"http:\/\/www.toramanlar.com.tr\/#website\",\"url\":\"http:\/\/www.toramanlar.com.tr\/\",\"name\":\"Toramanlar M&uuml;hendislik\",\"description\":\"Hayalden Ger&ccedil;e\\u011fe\",\"publisher\":{\"@id\":\"http:\/\/www.toramanlar.com.tr\/#organization\"},\"potentialAction\":[{\"@type\":\"SearchAction\",\"target\":{\"@type\":\"EntryPoint\",\"urlTemplate\":\"http:\/\/www.toramanlar.com.tr\/?s={search_term_string}\"},\"query-input\":\"required name=search_term_string\"}],\"inLanguage\":\"tr\"},{\"@type\":\"WebPage\",\"@id\":\"http:\/\/www.toramanlar.com.tr\/index.php\/iletisim\/#webpage\",\"url\":\"http:\/\/www.toramanlar.com.tr\/index.php\/iletisim\/\",\"name\":\"\\u0130leti\\u015fim - Toramanlar M&uuml;hendislik\",\"isPartOf\":{\"@id\":\"http:\/\/www.toramanlar.com.tr\/#website\"},\"datePublished\":\"2021-11-08T10:02:02+00:00\",\"dateModified\":\"2022-04-20T10:56:24+00:00\",\"breadcrumb\":{\"@id\":\"http:\/\/www.toramanlar.com.tr\/index.php\/iletisim\/#breadcrumb\"},\"inLanguage\":\"tr\",\"potentialAction\":[{\"@type\":\"ReadAction\",\"target\":[\"http:\/\/www.toramanlar.com.tr\/index.php\/iletisim\/\"]}]},{\"@type\":\"BreadcrumbList\",\"@id\":\"http:\/\/www.toramanlar.com.tr\/index.php\/iletisim\/#breadcrumb\",\"itemListElement\":[{\"@type\":\"ListItem\",\"position\":1,\"name\":\"Anasayfa\",\"item\":\"http:\/\/www.toramanlar.com.tr\/\"},{\"@type\":\"ListItem\",\"position\":2,\"name\":\"\\u0130leti\\u015fim\"}]}]}<\/script>\n<!-- \/ Yoast SEO plugin. -->","yoast_head_json":{"title":"\u0130leti\u015fim - Toramanlar M&uuml;hendislik","robots":{"index":"index","follow":"follow","max-snippet":"max-snippet:-1","max-image-preview":"max-image-preview:large","max-video-preview":"max-video-preview:-1"},"canonical":"http:\/\/www.toramanlar.com.tr\/index.php\/iletisim\/","og_locale":"tr_TR","og_type":"article","og_title":"\u0130leti\u015fim - Toramanlar M&uuml;hendislik","og_description":"Mebusevleri&nbsp; Mah. Ergin. Sok 28\/5&nbsp; \u00c7ANKAYA \/ ANKARA \/ TURKIYE&nbsp; &nbsp; &nbsp; &nbsp;&nbsp;&nbsp; &nbsp; Turgay Durmus&nbsp;&nbsp; :&nbsp; +90 506 775 87 84&nbsp; &nbsp; &nbsp; &nbsp; &nbsp; &nbsp; &nbsp; &nbsp; Zafer Durmus&nbsp; &nbsp; &nbsp; : +90 544 526 08 82&nbsp; &nbsp; &nbsp; &nbsp; &nbsp; &nbsp;&nbsp;E-mail : turgaydurmus@toramanlar.com.tr&nbsp; &nbsp; E-mail : zaferdurmus@toramanlar.com.trMurat Yumurtac\u0131 : +90 532 461 &hellip; Continue reading \"\u0130leti\u015fim\"","og_url":"http:\/\/www.toramanlar.com.tr\/index.php\/iletisim\/","og_site_name":"Toramanlar M&uuml;hendislik","article_modified_time":"2022-04-20T10:56:24+00:00","twitter_card":"summary_large_image","twitter_misc":{"Tahmini okuma s\u00fcresi":"1 dakika"},"schema":{"@context":"https:\/\/schema.org","@graph":[{"@type":"Organization","@id":"http:\/\/www.toramanlar.com.tr\/#organization","name":"Toramanlar M\u00fchendislik Mimarl\u0131k \u0130\u00e7 mimarl\u0131k","url":"http:\/\/www.toramanlar.com.tr\/","sameAs":["https:\/\/www.instagram.com\/toramanlar_construction\/"],"logo":{"@type":"ImageObject","@id":"http:\/\/www.toramanlar.com.tr\/#logo","inLanguage":"tr","url":"http:\/\/www.toramanlar.com.tr\/wp-content\/uploads\/2021\/11\/toramanlar-logo.png","contentUrl":"http:\/\/www.toramanlar.com.tr\/wp-content\/uploads\/2021\/11\/toramanlar-logo.png","width":3259,"height":883,"caption":"Toramanlar M\u00fchendislik Mimarl\u0131k \u0130\u00e7 mimarl\u0131k"},"image":{"@id":"http:\/\/www.toramanlar.com.tr\/#logo"}},{"@type":"WebSite","@id":"http:\/\/www.toramanlar.com.tr\/#website","url":"http:\/\/www.toramanlar.com.tr\/","name":"Toramanlar M&uuml;hendislik","description":"Hayalden Ger&ccedil;e\u011fe","publisher":{"@id":"http:\/\/www.toramanlar.com.tr\/#organization"},"potentialAction":[{"@type":"SearchAction","target":{"@type":"EntryPoint","urlTemplate":"http:\/\/www.toramanlar.com.tr\/?s={search_term_string}"},"query-input":"required name=search_term_string"}],"inLanguage":"tr"},{"@type":"WebPage","@id":"http:\/\/www.toramanlar.com.tr\/index.php\/iletisim\/#webpage","url":"http:\/\/www.toramanlar.com.tr\/index.php\/iletisim\/","name":"\u0130leti\u015fim - Toramanlar M&uuml;hendislik","isPartOf":{"@id":"http:\/\/www.toramanlar.com.tr\/#website"},"datePublished":"2021-11-08T10:02:02+00:00","dateModified":"2022-04-20T10:56:24+00:00","breadcrumb":{"@id":"http:\/\/www.toramanlar.com.tr\/index.php\/iletisim\/#breadcrumb"},"inLanguage":"tr","potentialAction":[{"@type":"ReadAction","target":["http:\/\/www.toramanlar.com.tr\/index.php\/iletisim\/"]}]},{"@type":"BreadcrumbList","@id":"http:\/\/www.toramanlar.com.tr\/index.php\/iletisim\/#breadcrumb","itemListElement":[{"@type":"ListItem","position":1,"name":"Anasayfa","item":"http:\/\/www.toramanlar.com.tr\/"},{"@type":"ListItem","position":2,"name":"\u0130leti\u015fim"}]}]}},"_links":{"self":[{"href":"http:\/\/www.toramanlar.com.tr\/index.php\/wp-json\/wp\/v2\/pages\/62"}],"collection":[{"href":"http:\/\/www.toramanlar.com.tr\/index.php\/wp-json\/wp\/v2\/pages"}],"about":[{"href":"http:\/\/www.toramanlar.com.tr\/index.php\/wp-json\/wp\/v2\/types\/page"}],"author":[{"embeddable":true,"href":"http:\/\/www.toramanlar.com.tr\/index.php\/wp-json\/wp\/v2\/users\/1"}],"replies":[{"embeddable":true,"href":"http:\/\/www.toramanlar.com.tr\/index.php\/wp-json\/wp\/v2\/comments?post=62"}],"version-history":[{"count":2,"href":"http:\/\/www.toramanlar.com.tr\/index.php\/wp-json\/wp\/v2\/pages\/62\/revisions"}],"predecessor-version":[{"id":93,"href":"http:\/\/www.toramanlar.com.tr\/index.php\/wp-json\/wp\/v2\/pages\/62\/revisions\/93"}],"wp:attachment":[{"href":"http:\/\/www.toramanlar.com.tr\/index.php\/wp-json\/wp\/v2\/media?parent=62"}],"curies":[{"name":"wp","href":"https:\/\/api.w.org\/{rel}","templated":true}]}}