{"id":65,"date":"2021-11-08T10:02:05","date_gmt":"2021-11-08T10:02:05","guid":{"rendered":"http:\/\/www.toramanlar.com.tr\/index.php\/muhendislik-statik-proje\/"},"modified":"2021-11-08T10:02:07","modified_gmt":"2021-11-08T10:02:07","slug":"muhendislik-statik-proje","status":"publish","type":"page","link":"http:\/\/www.toramanlar.com.tr\/index.php\/muhendislik-statik-proje\/","title":{"rendered":"M\u00fchendislik Statik Proje"},"content":{"rendered":"\n  \n    <section class=\"u-align-center u-clearfix u-section-1\" id=\"sec-8d5a\">\n      <div class=\"u-align-left u-clearfix u-sheet u-sheet-1\"><\/div>\n    <\/section>\n    <section class=\"u-clearfix u-section-2\" id=\"carousel_b6d5\">\n      <div class=\"u-clearfix u-sheet u-valign-middle-md u-valign-middle-sm u-valign-middle-xl u-valign-middle-xs u-sheet-1\">\n        <div class=\"u-clearfix u-expanded-width u-layout-wrap u-layout-wrap-1\">\n          <div class=\"u-layout\">\n            <div class=\"u-layout-row\">\n              <div class=\"u-size-60\">\n                <div class=\"u-layout-col\">\n                  <div class=\"u-container-style u-layout-cell u-left-cell u-size-60 u-layout-cell-1\">\n                    <div class=\"u-container-layout u-valign-middle-md u-valign-middle-sm u-container-layout-1\">\n                      <h2 class=\"u-text u-text-default-lg u-text-default-md u-text-default-sm u-text-default-xl u-text-1\">\n                        <span style=\"font-size: 3rem;\">M\u00dcHEND\u0130SL\u0130K&nbsp;<\/span>\n                        <br><b>\u00c7\u00f6z\u00fcm \u00f6rnekler\u0130<\/b>\n                      <\/h2>\n                    <\/div>\n                  <\/div>\n                <\/div>\n              <\/div>\n            <\/div>\n          <\/div>\n        <\/div>\n      <\/div>\n    <\/section>\n    <section class=\"u-clearfix u-section-3\" id=\"sec-8907\">\n      <div class=\"u-clearfix u-sheet u-valign-middle-lg u-valign-middle-xl u-sheet-1\">\n        <div class=\"u-clearfix u-expanded-width u-gutter-0 u-layout-wrap u-palette-3-dark-3 u-layout-wrap-1\">\n          <div class=\"u-layout\">\n            <div class=\"u-layout-row\">\n              <div class=\"u-black u-container-style u-layout-cell u-shape-rectangle u-size-30 u-layout-cell-1\">\n                <div class=\"u-container-layout u-container-layout-1\">\n                  <h1 class=\"u-custom-font u-font-roboto u-text u-text-white u-title u-text-1\">1<\/h1>\n                  <h3 class=\"u-text u-text-default u-text-2\"> Mu\u011fla Yata\u011fan Adliye Binas\u0131<\/h3>\n                <\/div>\n              <\/div>\n              <div class=\"u-container-style u-image u-layout-cell u-size-30 u-image-1\" data-image-width=\"1335\" data-image-height=\"584\">\n                <div class=\"u-container-layout u-container-layout-2\"><\/div>\n              <\/div>\n            <\/div>\n          <\/div>\n        <\/div>\n      <\/div>\n    <\/section>\n    <section class=\"u-clearfix u-section-4\" id=\"carousel_4e3e\">\n      <div class=\"u-clearfix u-sheet u-valign-middle u-sheet-1\">\n        <div class=\"u-black u-clearfix u-expanded-width u-gutter-0 u-layout-wrap u-layout-wrap-1\">\n          <div class=\"u-layout\">\n            <div class=\"u-layout-row\">\n              <div class=\"u-container-style u-layout-cell u-size-30 u-layout-cell-1\">\n                <div class=\"u-container-layout u-container-layout-1\">\n                  <h1 class=\"u-custom-font u-font-roboto u-text u-text-white u-title u-text-1\">2<\/h1>\n                  <h3 class=\"u-text u-text-2\">Ankara Sar\u0131 Yah\u015fi H\u00fck\u00fcmet Kona\u011f\u0131<\/h3>\n                <\/div>\n              <\/div>\n              <div class=\"u-container-style u-image u-layout-cell u-size-30 u-image-1\" data-image-width=\"1337\" data-image-height=\"571\">\n                <div class=\"u-container-layout u-container-layout-2\"><\/div>\n              <\/div>\n            <\/div>\n          <\/div>\n        <\/div>\n      <\/div>\n    <\/section>\n    <section class=\"u-clearfix u-section-5\" id=\"carousel_5ac0\">\n      <div class=\"u-clearfix u-sheet u-sheet-1\">\n        <div class=\"u-clearfix u-expanded-width u-layout-wrap u-layout-wrap-1\">\n          <div class=\"u-layout\">\n            <div class=\"u-layout-row\">\n              <div class=\"u-black u-container-style u-layout-cell u-size-30 u-layout-cell-1\">\n                <div class=\"u-container-layout u-container-layout-1\">\n                  <h1 class=\"u-custom-font u-font-roboto u-text u-title u-text-1\">3<\/h1>\n                  <h3 class=\"u-text u-text-2\">Ankara 10 Nisan Polis Karakolu<\/h3>\n                <\/div>\n              <\/div>\n              <div class=\"u-container-style u-image u-layout-cell u-size-30 u-image-1\" data-image-width=\"1140\" data-image-height=\"544\">\n                <div class=\"u-container-layout u-container-layout-2\"><\/div>\n              <\/div>\n            <\/div>\n          <\/div>\n        <\/div>\n      <\/div>\n    <\/section>\n    <section class=\"u-clearfix u-section-6\" id=\"carousel_225f\">\n      <div class=\"u-clearfix u-sheet u-sheet-1\">\n        <div class=\"u-black u-clearfix u-expanded-width u-layout-wrap u-layout-wrap-1\">\n          <div class=\"u-layout\">\n            <div class=\"u-layout-row\">\n              <div class=\"u-container-style u-layout-cell u-size-30 u-layout-cell-1\">\n                <div class=\"u-container-layout u-container-layout-1\">\n                  <h1 class=\"u-custom-font u-font-roboto u-text u-text-white u-title u-text-1\">4<\/h1>\n                  <h3 class=\"u-text u-text-2\">Ankara Y\u0131ld\u0131r\u0131m \u0130\u015f Merkezi<\/h3>\n                <\/div>\n              <\/div>\n              <div class=\"u-container-style u-image u-layout-cell u-size-30 u-image-1\" data-image-width=\"1332\" data-image-height=\"581\">\n                <div class=\"u-container-layout u-container-layout-2\"><\/div>\n              <\/div>\n            <\/div>\n          <\/div>\n        <\/div>\n        <div class=\"u-clearfix u-expanded-width u-layout-wrap u-layout-wrap-2\">\n          <div class=\"u-layout\">\n            <div class=\"u-layout-row\">\n              <div class=\"u-black u-container-style u-layout-cell u-size-30 u-layout-cell-3\">\n                <div class=\"u-container-layout u-container-layout-3\">\n                  <h1 class=\"u-custom-font u-font-roboto u-text u-text-body-alt-color u-title u-text-3\">5<\/h1>\n                  <h3 class=\"u-text u-text-4\">Ankara Seyir Kulesi<\/h3>\n                <\/div>\n              <\/div>\n              <div class=\"u-container-style u-image u-layout-cell u-size-30 u-image-2\" data-image-width=\"1335\" data-image-height=\"584\">\n                <div class=\"u-container-layout u-container-layout-4\"><\/div>\n              <\/div>\n            <\/div>\n          <\/div>\n        <\/div>\n      <\/div>\n    <\/section>\n    <section class=\"u-clearfix u-section-7\" id=\"carousel_5a00\">\n      <div class=\"u-clearfix u-sheet u-sheet-1\">\n        <div class=\"u-clearfix u-expanded-width u-layout-wrap u-layout-wrap-1\">\n          <div class=\"u-layout\">\n            <div class=\"u-layout-row\">\n              <div class=\"u-black u-container-style u-layout-cell u-size-30 u-layout-cell-1\">\n                <div class=\"u-container-layout u-container-layout-1\">\n                  <h1 class=\"u-custom-font u-font-roboto u-text u-text-body-alt-color u-title u-text-1\">6<\/h1>\n                  <h3 class=\"u-text u-text-2\">Ankara Sincan Otopark Yeri<\/h3>\n                <\/div>\n              <\/div>\n              <div class=\"u-container-style u-image u-layout-cell u-size-30 u-image-1\" data-image-width=\"1331\" data-image-height=\"587\">\n                <div class=\"u-container-layout u-container-layout-2\"><\/div>\n              <\/div>\n            <\/div>\n          <\/div>\n        <\/div>\n      <\/div>\n    <\/section>\n    <section class=\"u-clearfix u-section-8\" id=\"carousel_487d\">\n      <div class=\"u-clearfix u-sheet u-sheet-1\">\n        <div class=\"u-clearfix u-expanded-width u-layout-wrap u-layout-wrap-1\">\n          <div class=\"u-layout\">\n            <div class=\"u-layout-row\">\n              <div class=\"u-black u-container-style u-layout-cell u-size-30 u-layout-cell-1\">\n                <div class=\"u-container-layout u-container-layout-1\">\n                  <h1 class=\"u-custom-font u-font-roboto u-text u-text-body-alt-color u-title u-text-1\">7<\/h1>\n                  <h3 class=\"u-text u-text-2\">Ankara \u00dcmitk\u00f6y Dodurgal\u0131 \u0130\u015f Merkezi<\/h3>\n                <\/div>\n              <\/div>\n              <div class=\"u-container-style u-image u-layout-cell u-size-30 u-image-1\" data-image-width=\"1335\" data-image-height=\"591\">\n                <div class=\"u-container-layout u-container-layout-2\"><\/div>\n              <\/div>\n            <\/div>\n          <\/div>\n        <\/div>\n      <\/div>\n    <\/section>\n    <section class=\"u-clearfix u-section-9\" id=\"carousel_d092\">\n      <div class=\"u-clearfix u-sheet u-sheet-1\">\n        <div class=\"u-clearfix u-expanded-width u-layout-wrap u-layout-wrap-1\">\n          <div class=\"u-layout\">\n            <div class=\"u-layout-row\">\n              <div class=\"u-black u-container-style u-layout-cell u-size-30 u-layout-cell-1\">\n                <div class=\"u-container-layout u-container-layout-1\">\n                  <h1 class=\"u-custom-font u-font-roboto u-text u-text-body-alt-color u-title u-text-1\">8<\/h1>\n                  <h3 class=\"u-text u-text-2\">Konya H\u0131zl\u0131 Tren<\/h3>\n                <\/div>\n              <\/div>\n              <div class=\"u-container-style u-image u-layout-cell u-size-30 u-image-1\" data-image-width=\"1331\" data-image-height=\"567\">\n                <div class=\"u-container-layout u-container-layout-2\"><\/div>\n              <\/div>\n            <\/div>\n          <\/div>\n        <\/div>\n      <\/div>\n    <\/section>\n    \n    \n    \n  \n","protected":false},"excerpt":{"rendered":"<p>M\u00dcHEND\u0130SL\u0130K&nbsp; \u00c7\u00f6z\u00fcm \u00f6rnekler\u0130 1 Mu\u011fla Yata\u011fan Adliye Binas\u0131 2 Ankara Sar\u0131 Yah\u015fi H\u00fck\u00fcmet Kona\u011f\u0131 3 Ankara 10 Nisan Polis Karakolu 4 Ankara Y\u0131ld\u0131r\u0131m \u0130\u015f Merkezi 5 Ankara Seyir Kulesi 6 Ankara Sincan Otopark Yeri 7 Ankara \u00dcmitk\u00f6y Dodurgal\u0131 \u0130\u015f Merkezi 8 Konya H\u0131zl\u0131 Tren<\/p>\n","protected":false},"author":1,"featured_media":0,"parent":0,"menu_order":5,"comment_status":"closed","ping_status":"closed","template":"","meta":[],"yoast_head":"<!-- This site is optimized with the Yoast SEO plugin v17.5 - https:\/\/yoast.com\/wordpress\/plugins\/seo\/ -->\n<title>M\u00fchendislik Statik Proje - Toramanlar M&uuml;hendislik<\/title>\n<meta name=\"robots\" content=\"index, follow, max-snippet:-1, max-image-preview:large, max-video-preview:-1\" \/>\n<link rel=\"canonical\" href=\"http:\/\/www.toramanlar.com.tr\/index.php\/muhendislik-statik-proje\/\" \/>\n<meta property=\"og:locale\" content=\"tr_TR\" \/>\n<meta property=\"og:type\" content=\"article\" \/>\n<meta property=\"og:title\" content=\"M\u00fchendislik Statik Proje - Toramanlar M&uuml;hendislik\" \/>\n<meta property=\"og:description\" content=\"M\u00dcHEND\u0130SL\u0130K&nbsp; \u00c7\u00f6z\u00fcm \u00f6rnekler\u0130 1 Mu\u011fla Yata\u011fan Adliye Binas\u0131 2 Ankara Sar\u0131 Yah\u015fi H\u00fck\u00fcmet Kona\u011f\u0131 3 Ankara 10 Nisan Polis Karakolu 4 Ankara Y\u0131ld\u0131r\u0131m \u0130\u015f Merkezi 5 Ankara Seyir Kulesi 6 Ankara Sincan Otopark Yeri 7 Ankara \u00dcmitk\u00f6y Dodurgal\u0131 \u0130\u015f Merkezi 8 Konya H\u0131zl\u0131 Tren\" \/>\n<meta property=\"og:url\" content=\"http:\/\/www.toramanlar.com.tr\/index.php\/muhendislik-statik-proje\/\" \/>\n<meta property=\"og:site_name\" content=\"Toramanlar M&uuml;hendislik\" \/>\n<meta property=\"article:modified_time\" content=\"2021-11-08T10:02:07+00:00\" \/>\n<meta name=\"twitter:card\" content=\"summary_large_image\" \/>\n<script type=\"application\/ld+json\" class=\"yoast-schema-graph\">{\"@context\":\"https:\/\/schema.org\",\"@graph\":[{\"@type\":\"Organization\",\"@id\":\"http:\/\/www.toramanlar.com.tr\/#organization\",\"name\":\"Toramanlar M\\u00fchendislik Mimarl\\u0131k \\u0130\\u00e7 mimarl\\u0131k\",\"url\":\"http:\/\/www.toramanlar.com.tr\/\",\"sameAs\":[\"https:\/\/www.instagram.com\/toramanlar_construction\/\"],\"logo\":{\"@type\":\"ImageObject\",\"@id\":\"http:\/\/www.toramanlar.com.tr\/#logo\",\"inLanguage\":\"tr\",\"url\":\"http:\/\/www.toramanlar.com.tr\/wp-content\/uploads\/2021\/11\/toramanlar-logo.png\",\"contentUrl\":\"http:\/\/www.toramanlar.com.tr\/wp-content\/uploads\/2021\/11\/toramanlar-logo.png\",\"width\":3259,\"height\":883,\"caption\":\"Toramanlar M\\u00fchendislik Mimarl\\u0131k \\u0130\\u00e7 mimarl\\u0131k\"},\"image\":{\"@id\":\"http:\/\/www.toramanlar.com.tr\/#logo\"}},{\"@type\":\"WebSite\",\"@id\":\"http:\/\/www.toramanlar.com.tr\/#website\",\"url\":\"http:\/\/www.toramanlar.com.tr\/\",\"name\":\"Toramanlar M&uuml;hendislik\",\"description\":\"Hayalden Ger&ccedil;e\\u011fe\",\"publisher\":{\"@id\":\"http:\/\/www.toramanlar.com.tr\/#organization\"},\"potentialAction\":[{\"@type\":\"SearchAction\",\"target\":{\"@type\":\"EntryPoint\",\"urlTemplate\":\"http:\/\/www.toramanlar.com.tr\/?s={search_term_string}\"},\"query-input\":\"required name=search_term_string\"}],\"inLanguage\":\"tr\"},{\"@type\":\"WebPage\",\"@id\":\"http:\/\/www.toramanlar.com.tr\/index.php\/muhendislik-statik-proje\/#webpage\",\"url\":\"http:\/\/www.toramanlar.com.tr\/index.php\/muhendislik-statik-proje\/\",\"name\":\"M\\u00fchendislik Statik Proje - Toramanlar M&uuml;hendislik\",\"isPartOf\":{\"@id\":\"http:\/\/www.toramanlar.com.tr\/#website\"},\"datePublished\":\"2021-11-08T10:02:05+00:00\",\"dateModified\":\"2021-11-08T10:02:07+00:00\",\"breadcrumb\":{\"@id\":\"http:\/\/www.toramanlar.com.tr\/index.php\/muhendislik-statik-proje\/#breadcrumb\"},\"inLanguage\":\"tr\",\"potentialAction\":[{\"@type\":\"ReadAction\",\"target\":[\"http:\/\/www.toramanlar.com.tr\/index.php\/muhendislik-statik-proje\/\"]}]},{\"@type\":\"BreadcrumbList\",\"@id\":\"http:\/\/www.toramanlar.com.tr\/index.php\/muhendislik-statik-proje\/#breadcrumb\",\"itemListElement\":[{\"@type\":\"ListItem\",\"position\":1,\"name\":\"Anasayfa\",\"item\":\"http:\/\/www.toramanlar.com.tr\/\"},{\"@type\":\"ListItem\",\"position\":2,\"name\":\"M\\u00fchendislik Statik Proje\"}]}]}<\/script>\n<!-- \/ Yoast SEO plugin. -->","yoast_head_json":{"title":"M\u00fchendislik Statik Proje - Toramanlar M&uuml;hendislik","robots":{"index":"index","follow":"follow","max-snippet":"max-snippet:-1","max-image-preview":"max-image-preview:large","max-video-preview":"max-video-preview:-1"},"canonical":"http:\/\/www.toramanlar.com.tr\/index.php\/muhendislik-statik-proje\/","og_locale":"tr_TR","og_type":"article","og_title":"M\u00fchendislik Statik Proje - Toramanlar M&uuml;hendislik","og_description":"M\u00dcHEND\u0130SL\u0130K&nbsp; \u00c7\u00f6z\u00fcm \u00f6rnekler\u0130 1 Mu\u011fla Yata\u011fan Adliye Binas\u0131 2 Ankara Sar\u0131 Yah\u015fi H\u00fck\u00fcmet Kona\u011f\u0131 3 Ankara 10 Nisan Polis Karakolu 4 Ankara Y\u0131ld\u0131r\u0131m \u0130\u015f Merkezi 5 Ankara Seyir Kulesi 6 Ankara Sincan Otopark Yeri 7 Ankara \u00dcmitk\u00f6y Dodurgal\u0131 \u0130\u015f Merkezi 8 Konya H\u0131zl\u0131 Tren","og_url":"http:\/\/www.toramanlar.com.tr\/index.php\/muhendislik-statik-proje\/","og_site_name":"Toramanlar M&uuml;hendislik","article_modified_time":"2021-11-08T10:02:07+00:00","twitter_card":"summary_large_image","schema":{"@context":"https:\/\/schema.org","@graph":[{"@type":"Organization","@id":"http:\/\/www.toramanlar.com.tr\/#organization","name":"Toramanlar M\u00fchendislik Mimarl\u0131k \u0130\u00e7 mimarl\u0131k","url":"http:\/\/www.toramanlar.com.tr\/","sameAs":["https:\/\/www.instagram.com\/toramanlar_construction\/"],"logo":{"@type":"ImageObject","@id":"http:\/\/www.toramanlar.com.tr\/#logo","inLanguage":"tr","url":"http:\/\/www.toramanlar.com.tr\/wp-content\/uploads\/2021\/11\/toramanlar-logo.png","contentUrl":"http:\/\/www.toramanlar.com.tr\/wp-content\/uploads\/2021\/11\/toramanlar-logo.png","width":3259,"height":883,"caption":"Toramanlar M\u00fchendislik Mimarl\u0131k \u0130\u00e7 mimarl\u0131k"},"image":{"@id":"http:\/\/www.toramanlar.com.tr\/#logo"}},{"@type":"WebSite","@id":"http:\/\/www.toramanlar.com.tr\/#website","url":"http:\/\/www.toramanlar.com.tr\/","name":"Toramanlar M&uuml;hendislik","description":"Hayalden Ger&ccedil;e\u011fe","publisher":{"@id":"http:\/\/www.toramanlar.com.tr\/#organization"},"potentialAction":[{"@type":"SearchAction","target":{"@type":"EntryPoint","urlTemplate":"http:\/\/www.toramanlar.com.tr\/?s={search_term_string}"},"query-input":"required name=search_term_string"}],"inLanguage":"tr"},{"@type":"WebPage","@id":"http:\/\/www.toramanlar.com.tr\/index.php\/muhendislik-statik-proje\/#webpage","url":"http:\/\/www.toramanlar.com.tr\/index.php\/muhendislik-statik-proje\/","name":"M\u00fchendislik Statik Proje - Toramanlar M&uuml;hendislik","isPartOf":{"@id":"http:\/\/www.toramanlar.com.tr\/#website"},"datePublished":"2021-11-08T10:02:05+00:00","dateModified":"2021-11-08T10:02:07+00:00","breadcrumb":{"@id":"http:\/\/www.toramanlar.com.tr\/index.php\/muhendislik-statik-proje\/#breadcrumb"},"inLanguage":"tr","potentialAction":[{"@type":"ReadAction","target":["http:\/\/www.toramanlar.com.tr\/index.php\/muhendislik-statik-proje\/"]}]},{"@type":"BreadcrumbList","@id":"http:\/\/www.toramanlar.com.tr\/index.php\/muhendislik-statik-proje\/#breadcrumb","itemListElement":[{"@type":"ListItem","position":1,"name":"Anasayfa","item":"http:\/\/www.toramanlar.com.tr\/"},{"@type":"ListItem","position":2,"name":"M\u00fchendislik Statik Proje"}]}]}},"_links":{"self":[{"href":"http:\/\/www.toramanlar.com.tr\/index.php\/wp-json\/wp\/v2\/pages\/65"}],"collection":[{"href":"http:\/\/www.toramanlar.com.tr\/index.php\/wp-json\/wp\/v2\/pages"}],"about":[{"href":"http:\/\/www.toramanlar.com.tr\/index.php\/wp-json\/wp\/v2\/types\/page"}],"author":[{"embeddable":true,"href":"http:\/\/www.toramanlar.com.tr\/index.php\/wp-json\/wp\/v2\/users\/1"}],"replies":[{"embeddable":true,"href":"http:\/\/www.toramanlar.com.tr\/index.php\/wp-json\/wp\/v2\/comments?post=65"}],"version-history":[{"count":1,"href":"http:\/\/www.toramanlar.com.tr\/index.php\/wp-json\/wp\/v2\/pages\/65\/revisions"}],"predecessor-version":[{"id":76,"href":"http:\/\/www.toramanlar.com.tr\/index.php\/wp-json\/wp\/v2\/pages\/65\/revisions\/76"}],"wp:attachment":[{"href":"http:\/\/www.toramanlar.com.tr\/index.php\/wp-json\/wp\/v2\/media?parent=65"}],"curies":[{"name":"wp","href":"https:\/\/api.w.org\/{rel}","templated":true}]}}